{"id":6152,"date":"2020-11-10T09:46:15","date_gmt":"2020-11-10T09:46:15","guid":{"rendered":"https:\/\/www.solasmucanjacerkno.si\/?page_id=6152"},"modified":"2024-11-20T18:19:37","modified_gmt":"2024-11-20T18:19:37","slug":"izposoja-in-servis","status":"publish","type":"page","link":"https:\/\/www.dev.solasmucanjacerkno.si\/en\/izposoja-in-servis\/","title":{"rendered":"Rental and ski service"},"content":{"rendered":"<div data-elementor-type=\"wp-post\" data-elementor-id=\"6152\" class=\"elementor elementor-6152\" data-elementor-settings=\"[]\">\n\t\t\t\t\t\t<div class=\"elementor-inner\">\n\t\t\t\t\t\t\t<div class=\"elementor-section-wrap\">\n\t\t\t\t\t\t\t<section class=\"elementor-section elementor-top-section elementor-element elementor-element-7086abe elementor-section-boxed elementor-section-height-default elementor-section-height-default\" data-id=\"7086abe\" data-element_type=\"section\" data-settings=\"{&quot;ekit_has_onepagescroll_dot&quot;:&quot;yes&quot;}\">\n\t\t\t\t\t\t<div class=\"elementor-container elementor-column-gap-default\">\n\t\t\t\t\t\t\t<div class=\"elementor-row\">\n\t\t\t\t\t<div class=\"elementor-column elementor-col-100 elementor-top-column elementor-element elementor-element-0df3a0f\" data-id=\"0df3a0f\" data-element_type=\"column\">\n\t\t\t<div class=\"elementor-column-wrap elementor-element-populated\">\n\t\t\t\t\t\t\t<div class=\"elementor-widget-wrap\">\n\t\t\t\t\t\t<section class=\"elementor-section elementor-inner-section elementor-element elementor-element-28a6236 elementor-section-content-middle elementor-section-boxed elementor-section-height-default elementor-section-height-default\" data-id=\"28a6236\" data-element_type=\"section\" data-settings=\"{&quot;background_background&quot;:&quot;classic&quot;,&quot;ekit_has_onepagescroll_dot&quot;:&quot;yes&quot;}\">\n\t\t\t\t\t\t<div class=\"elementor-container elementor-column-gap-no\">\n\t\t\t\t\t\t\t<div class=\"elementor-row\">\n\t\t\t\t\t<div class=\"elementor-column elementor-col-50 elementor-inner-column elementor-element elementor-element-cfac176\" data-id=\"cfac176\" data-element_type=\"column\" data-settings=\"{&quot;background_background&quot;:&quot;classic&quot;}\">\n\t\t\t<div class=\"elementor-column-wrap elementor-element-populated\">\n\t\t\t\t\t\t\t<div class=\"elementor-widget-wrap\">\n\t\t\t\t\t\t<div class=\"elementor-element elementor-element-bae70cb elementor-arrows-position-inside elementor-widget elementor-widget-image-carousel\" data-id=\"bae70cb\" data-element_type=\"widget\" data-settings=\"{&quot;slides_to_show&quot;:&quot;1&quot;,&quot;navigation&quot;:&quot;arrows&quot;,&quot;autoplay&quot;:&quot;yes&quot;,&quot;pause_on_hover&quot;:&quot;yes&quot;,&quot;pause_on_interaction&quot;:&quot;yes&quot;,&quot;autoplay_speed&quot;:5000,&quot;infinite&quot;:&quot;yes&quot;,&quot;effect&quot;:&quot;slide&quot;,&quot;speed&quot;:500}\" data-widget_type=\"image-carousel.default\">\n\t\t\t\t<div class=\"elementor-widget-container\">\n\t\t\t\t\t<div class=\"elementor-image-carousel-wrapper swiper-container\" dir=\"ltr\">\n\t\t\t<div class=\"elementor-image-carousel swiper-wrapper swiper-image-stretch\">\n\t\t\t\t<div class=\"swiper-slide\"><figure class=\"swiper-slide-inner\"><img class=\"swiper-slide-image\" src=\"https:\/\/www.dev.solasmucanjacerkno.si\/wp-content\/uploads\/2020\/11\/izposoja_1.jpg\" alt=\"izposoja_1\" \/><\/figure><\/div><div class=\"swiper-slide\"><figure class=\"swiper-slide-inner\"><img class=\"swiper-slide-image\" src=\"https:\/\/www.dev.solasmucanjacerkno.si\/wp-content\/uploads\/2020\/11\/izposoja_2.jpg\" alt=\"izposoja_2\" \/><\/figure><\/div><div class=\"swiper-slide\"><figure class=\"swiper-slide-inner\"><img class=\"swiper-slide-image\" src=\"https:\/\/www.dev.solasmucanjacerkno.si\/wp-content\/uploads\/2020\/11\/izposoja_3.jpg\" alt=\"izposoja_3\" \/><\/figure><\/div><div class=\"swiper-slide\"><figure class=\"swiper-slide-inner\"><img class=\"swiper-slide-image\" src=\"https:\/\/www.dev.solasmucanjacerkno.si\/wp-content\/uploads\/2020\/11\/izposoja_4.jpg\" alt=\"izposoja_4\" \/><\/figure><\/div>\t\t\t<\/div>\n\t\t\t\t\t\t\t\t\t\t\t\t\t\t\t\t<div class=\"elementor-swiper-button elementor-swiper-button-prev\">\n\t\t\t\t\t\t<i class=\"eicon-chevron-left\" aria-hidden=\"true\"><\/i>\n\t\t\t\t\t\t<span class=\"elementor-screen-only\">Previous<\/span>\n\t\t\t\t\t<\/div>\n\t\t\t\t\t<div class=\"elementor-swiper-button elementor-swiper-button-next\">\n\t\t\t\t\t\t<i class=\"eicon-chevron-right\" aria-hidden=\"true\"><\/i>\n\t\t\t\t\t\t<span class=\"elementor-screen-only\">Next<\/span>\n\t\t\t\t\t<\/div>\n\t\t\t\t\t\t\t\t\t<\/div>\n\t\t\t\t<\/div>\n\t\t\t\t<\/div>\n\t\t\t\t\t\t<\/div>\n\t\t\t\t\t<\/div>\n\t\t<\/div>\n\t\t\t\t<div class=\"elementor-column elementor-col-50 elementor-inner-column elementor-element elementor-element-d7236f4\" data-id=\"d7236f4\" data-element_type=\"column\" data-settings=\"{&quot;background_background&quot;:&quot;classic&quot;}\">\n\t\t\t<div class=\"elementor-column-wrap elementor-element-populated\">\n\t\t\t\t\t\t\t<div class=\"elementor-widget-wrap\">\n\t\t\t\t\t\t<div class=\"elementor-element elementor-element-be295fe elementor-widget elementor-widget-heading\" data-id=\"be295fe\" data-element_type=\"widget\" data-widget_type=\"heading.default\">\n\t\t\t\t<div class=\"elementor-widget-container\">\n\t\t\t<h2 class=\"elementor-heading-title elementor-size-default\">You get everything with us!<\/h2>\t\t<\/div>\n\t\t\t\t<\/div>\n\t\t\t\t<div class=\"elementor-element elementor-element-68ee129 no-margin elementor-widget elementor-widget-text-editor\" data-id=\"68ee129\" data-element_type=\"widget\" data-widget_type=\"text-editor.default\">\n\t\t\t\t<div class=\"elementor-widget-container\">\n\t\t\t\t\t<div class=\"elementor-text-editor elementor-clearfix\"><p><strong>In our modernly equipped rental shop, we offer ski equipment rental for adults and children<\/strong>, for advanced skiers we have high end Volkl skis  available. We also offer high-quality Dalbello and Alpina ski boots.\u00a0<strong>Did you forget to tune your skis or were you surprised by a little \"harder\" snow than planned?<\/strong> We will be happy to service your skis, while you drink your coffee in the Alpine Pearl.<\/p><\/div>\n\t\t\t\t<\/div>\n\t\t\t\t<\/div>\n\t\t\t\t\t\t<\/div>\n\t\t\t\t\t<\/div>\n\t\t<\/div>\n\t\t\t\t\t\t\t\t<\/div>\n\t\t\t\t\t<\/div>\n\t\t<\/section>\n\t\t\t\t\t\t<\/div>\n\t\t\t\t\t<\/div>\n\t\t<\/div>\n\t\t\t\t\t\t\t\t<\/div>\n\t\t\t\t\t<\/div>\n\t\t<\/section>\n\t\t\t\t<section class=\"elementor-section elementor-top-section elementor-element elementor-element-3337 elementor-section-boxed elementor-section-height-default elementor-section-height-default\" data-id=\"3337\" data-element_type=\"section\" data-settings=\"{&quot;background_background&quot;:&quot;classic&quot;,&quot;ekit_has_onepagescroll_dot&quot;:&quot;yes&quot;}\">\n\t\t\t\t\t\t<div class=\"elementor-container elementor-column-gap-default\">\n\t\t\t\t\t\t\t<div class=\"elementor-row\">\n\t\t\t\t\t<div class=\"elementor-column elementor-col-100 elementor-top-column elementor-element elementor-element-5836\" data-id=\"5836\" data-element_type=\"column\">\n\t\t\t<div class=\"elementor-column-wrap elementor-element-populated\">\n\t\t\t\t\t\t\t<div class=\"elementor-widget-wrap\">\n\t\t\t\t\t\t<section class=\"elementor-section elementor-inner-section elementor-element elementor-element-6503333 elementor-section-boxed elementor-section-height-default elementor-section-height-default\" data-id=\"6503333\" data-element_type=\"section\" data-settings=\"{&quot;ekit_has_onepagescroll_dot&quot;:&quot;yes&quot;}\">\n\t\t\t\t\t\t<div class=\"elementor-container elementor-column-gap-default\">\n\t\t\t\t\t\t\t<div class=\"elementor-row\">\n\t\t\t\t\t<div class=\"elementor-column elementor-col-100 elementor-inner-column elementor-element elementor-element-efabc17\" data-id=\"efabc17\" data-element_type=\"column\">\n\t\t\t<div class=\"elementor-column-wrap elementor-element-populated\">\n\t\t\t\t\t\t\t<div class=\"elementor-widget-wrap\">\n\t\t\t\t\t\t<div class=\"elementor-element elementor-element-64ac05d elementor-widget elementor-widget-heading\" data-id=\"64ac05d\" data-element_type=\"widget\" data-widget_type=\"heading.default\">\n\t\t\t\t<div class=\"elementor-widget-container\">\n\t\t\t<h3 class=\"elementor-heading-title elementor-size-default\">Cenik 2024\/25<\/h3>\t\t<\/div>\n\t\t\t\t<\/div>\n\t\t\t\t<div class=\"elementor-element elementor-element-c9304c5 elementor-tabs-view-horizontal elementor-widget elementor-widget-tabs\" data-id=\"c9304c5\" data-element_type=\"widget\" data-widget_type=\"tabs.default\">\n\t\t\t\t<div class=\"elementor-widget-container\">\n\t\t\t\t\t<div class=\"elementor-tabs\" role=\"tablist\">\n\t\t\t<div class=\"elementor-tabs-wrapper\">\n\t\t\t\t\t\t\t\t\t<div id=\"elementor-tab-title-2101\" class=\"elementor-tab-title elementor-tab-desktop-title\" data-tab=\"1\" role=\"tab\" aria-controls=\"elementor-tab-content-2101\"><a href=\"\">Rental<\/a><\/div>\n\t\t\t\t\t\t\t\t\t<div id=\"elementor-tab-title-2102\" class=\"elementor-tab-title elementor-tab-desktop-title\" data-tab=\"2\" role=\"tab\" aria-controls=\"elementor-tab-content-2102\"><a href=\"\">Ski service<\/a><\/div>\n\t\t\t\t\t\t\t<\/div>\n\t\t\t<div class=\"elementor-tabs-content-wrapper\">\n\t\t\t\t\t\t\t\t\t<div class=\"elementor-tab-title elementor-tab-mobile-title\" data-tab=\"1\" role=\"tab\">Rental<\/div>\n\t\t\t\t\t<div id=\"elementor-tab-content-2101\" class=\"elementor-tab-content elementor-clearfix\" data-tab=\"1\" role=\"tabpanel\" aria-labelledby=\"elementor-tab-title-2101\">\n<table id=\"tablepress-4\" class=\"tablepress tablepress-id-4\">\n<tbody class=\"row-hover\">\n<tr class=\"row-1 odd\">\n\t<td class=\"column-1\">Rental<\/td><td class=\"column-2\">Half Day<\/td><td class=\"column-3\">Full day<\/td>\n<\/tr>\n<tr class=\"row-2 even\">\n\t<td class=\"column-1\">Ski set VIP (ski, boots, poles)<\/td><td class=\"column-2\"><\/td><td class=\"column-3\">32 EUR<\/td>\n<\/tr>\n<tr class=\"row-3 odd\">\n\t<td class=\"column-1\">Komplet VIP* \u010delada<\/td><td class=\"column-2\"><\/td><td class=\"column-3\">35 EUR<\/td>\n<\/tr>\n<tr class=\"row-4 even\">\n\t<td class=\"column-1\">Ski set Standard (ski, boots, poles)<\/td><td class=\"column-2\"><\/td><td class=\"column-3\">26 EUR<\/td>\n<\/tr>\n<tr class=\"row-5 odd\">\n\t<td class=\"column-1\">Komplet Standard* \u010delada <\/td><td class=\"column-2\"><\/td><td class=\"column-3\">30 EUR<\/td>\n<\/tr>\n<tr class=\"row-6 even\">\n\t<td class=\"column-1\">Ski set children (ski 90-130, boots, poles)<\/td><td class=\"column-2\"><\/td><td class=\"column-3\">20 EUR<\/td>\n<\/tr>\n<tr class=\"row-7 odd\">\n\t<td class=\"column-1\">Ski set children (+helmet)<\/td><td class=\"column-2\"><\/td><td class=\"column-3\">22 EUR<\/td>\n<\/tr>\n<tr class=\"row-8 even\">\n\t<td class=\"column-1\">Smu\u010di VIP (24\/25)<\/td><td class=\"column-2\"><\/td><td class=\"column-3\">30 EUR<\/td>\n<\/tr>\n<tr class=\"row-9 odd\">\n\t<td class=\"column-1\">Skis standard<\/td><td class=\"column-2\"><\/td><td class=\"column-3\">20 EUR<\/td>\n<\/tr>\n<tr class=\"row-10 even\">\n\t<td class=\"column-1\">Ski boots (from  nr. 36)<\/td><td class=\"column-2\"><\/td><td class=\"column-3\">13 EUR<\/td>\n<\/tr>\n<tr class=\"row-11 odd\">\n\t<td class=\"column-1\">Poles<\/td><td class=\"column-2\"><\/td><td class=\"column-3\">7 EUR<\/td>\n<\/tr>\n<tr class=\"row-12 even\">\n\t<td class=\"column-1\">Helmet<\/td><td class=\"column-2\"><\/td><td class=\"column-3\">8 EUR<\/td>\n<\/tr>\n<tr class=\"row-13 odd\">\n\t<td class=\"column-1\">Children skis (till 130 cm)<\/td><td class=\"column-2\"><\/td><td class=\"column-3\">14 EUR<\/td>\n<\/tr>\n<tr class=\"row-14 even\">\n\t<td class=\"column-1\">Children ski boots (till nr.  35)<\/td><td class=\"column-2\"><\/td><td class=\"column-3\">10 EUR<\/td>\n<\/tr>\n<tr class=\"row-15 odd\">\n\t<td class=\"column-1\">Poles<\/td><td class=\"column-2\"><\/td><td class=\"column-3\">5 EUR<\/td>\n<\/tr>\n<tr class=\"row-16 even\">\n\t<td class=\"column-1\">Snowboard set * <\/td><td class=\"column-2\">17 EUR<\/td><td class=\"column-3\">25 EUR<\/td>\n<\/tr>\n<tr class=\"row-17 odd\">\n\t<td class=\"column-1\">Snowboard<\/td><td class=\"column-2\">13 EUR<\/td><td class=\"column-3\">20 EUR<\/td>\n<\/tr>\n<tr class=\"row-18 even\">\n\t<td class=\"column-1\">Snowboard boots<\/td><td class=\"column-2\">10 EUR<\/td><td class=\"column-3\">13 EUR<\/td>\n<\/tr>\n<tr class=\"row-19 odd\">\n\t<td class=\"column-1\">Nordic skis set<\/td><td class=\"column-2\"><\/td><td class=\"column-3\">17 EUR<\/td>\n<\/tr>\n<tr class=\"row-20 even\">\n\t<td class=\"column-1\">Nordic skis<\/td><td class=\"column-2\"><\/td><td class=\"column-3\">11 EUR<\/td>\n<\/tr>\n<tr class=\"row-21 odd\">\n\t<td class=\"column-1\">Nordic boots<\/td><td class=\"column-2\"><\/td><td class=\"column-3\">9 EUR<\/td>\n<\/tr>\n<tr class=\"row-22 even\">\n\t<td class=\"column-1\">Gloves<\/td><td class=\"column-2\"><\/td><td class=\"column-3\">7 EUR<\/td>\n<\/tr>\n<tr class=\"row-23 odd\">\n\t<td class=\"column-1\">Goggles<\/td><td class=\"column-2\"><\/td><td class=\"column-3\">7 EUR<\/td>\n<\/tr>\n<tr class=\"row-24 even\">\n\t<td class=\"column-1\">Ski wear (Jacket, pants)<\/td><td class=\"column-2\"><\/td><td class=\"column-3\">14 EUR<\/td>\n<\/tr>\n<tr class=\"row-25 odd\">\n\t<td class=\"column-1\">Snowsled<\/td><td class=\"column-2\">8 EUR<\/td><td class=\"column-3\">10 EUR<\/td>\n<\/tr>\n<tr class=\"row-26 even\">\n\t<td class=\"column-1\">Insurance*<\/td><td class=\"column-2\">5 %<\/td><td class=\"column-3\"><\/td>\n<\/tr>\n<tr class=\"row-27 odd\">\n\t<td class=\"column-1\">Rental from 3 to 5 days <\/td><td class=\"column-2\">10 %<\/td><td class=\"column-3\"><\/td>\n<\/tr>\n<tr class=\"row-28 even\">\n\t<td class=\"column-1\">Rental from 6 days <\/td><td class=\"column-2\">15 %<\/td><td class=\"column-3\"><\/td>\n<\/tr>\n<\/tbody>\n<\/table>\n<!-- #tablepress-4 from cache --><\/div>\n\t\t\t\t\t\t\t\t\t<div class=\"elementor-tab-title elementor-tab-mobile-title\" data-tab=\"2\" role=\"tab\">Ski service<\/div>\n\t\t\t\t\t<div id=\"elementor-tab-content-2102\" class=\"elementor-tab-content elementor-clearfix\" data-tab=\"2\" role=\"tabpanel\" aria-labelledby=\"elementor-tab-title-2102\"><p><strong>Ski equipment service<\/strong><\/p>\n<table id=\"tablepress-6\" class=\"tablepress tablepress-id-6\">\n<tbody class=\"row-hover\">\n<tr class=\"row-1 odd\">\n\t<td class=\"column-1\">Ski \/ snowboard binding adjustment <\/td><td class=\"column-2\">5 EUR<\/td>\n<\/tr>\n<tr class=\"row-2 even\">\n\t<td class=\"column-1\">Machine waxing<\/td><td class=\"column-2\">15 EUR<\/td>\n<\/tr>\n<tr class=\"row-3 odd\">\n\t<td class=\"column-1\">Machine waxing junior (80 - 130 cm)<\/td><td class=\"column-2\">10 EUR<\/td>\n<\/tr>\n<tr class=\"row-4 even\">\n\t<td class=\"column-1\">Edge sharpening and tuning<\/td><td class=\"column-2\">15 EUR<\/td>\n<\/tr>\n<tr class=\"row-5 odd\">\n\t<td class=\"column-1\">Fast service (belt grind, edge sharpening and tuning, machine waxing)<\/td><td class=\"column-2\">26 EUR<\/td>\n<\/tr>\n<tr class=\"row-6 even\">\n\t<td class=\"column-1\">Service (belt grinding, edge sharpening and tuning by hand, machine waxing)<\/td><td class=\"column-2\">32 EUR<\/td>\n<\/tr>\n<tr class=\"row-7 odd\">\n\t<td class=\"column-1\">Service board (belt grind, edge sharpening and tuning, machine waxing)<\/td><td class=\"column-2\">30 EUR<\/td>\n<\/tr>\n<tr class=\"row-8 even\">\n\t<td class=\"column-1\">Service board (belt grinding, edge sharpening and tuning by hand, machine waxing)<\/td><td class=\"column-2\">35 EUR<\/td>\n<\/tr>\n<tr class=\"row-9 odd\">\n\t<td class=\"column-1\">Bigger repair (epoxy work, binding change,..)<\/td><td class=\"column-2\">15 EUR<\/td>\n<\/tr>\n<\/tbody>\n<\/table>\n<!-- #tablepress-6 from cache --><\/div>\n\t\t\t\t\t\t\t<\/div>\n\t\t<\/div>\n\t\t\t\t<\/div>\n\t\t\t\t<\/div>\n\t\t\t\t<div class=\"elementor-element elementor-element-85502d6 elementor-hidden-desktop elementor-hidden-tablet elementor-widget elementor-widget-text-editor\" data-id=\"85502d6\" data-element_type=\"widget\" data-widget_type=\"text-editor.default\">\n\t\t\t\t<div class=\"elementor-widget-container\">\n\t\t\t\t\t<div class=\"elementor-text-editor elementor-clearfix\"><p>Booking and info: <br \/>T: 00 386 31 780 111; E: ski.rent@novinar-drustvo.si<\/p><p><strong>Ski service and rental office is open every day during the operation of the ski resort.<\/strong><br \/>Ski service booking and rental<\/p><p>Smu\u010darsko dru\u0161tvo Novinar <br \/>Stani\u010deva 41, 1000 Ljubljana; <br \/>PE CERKNO<br \/>ID za DDV: SI34260820<\/p><\/div>\n\t\t\t\t<\/div>\n\t\t\t\t<\/div>\n\t\t\t\t<div class=\"elementor-element elementor-element-b1e9c47 elementor-hidden-phone elementor-widget elementor-widget-text-editor\" data-id=\"b1e9c47\" data-element_type=\"widget\" data-widget_type=\"text-editor.default\">\n\t\t\t\t<div class=\"elementor-widget-container\">\n\t\t\t\t\t<div class=\"elementor-text-editor elementor-clearfix\"><p>Ski equipment insurance payment in the amount of 5% of the rental value of the equipment covers the damage incurred in the event of accidental damage to the equipment.<\/p><p>Prices with VAT included.<br \/>Booking and info: <br \/>T: 00 386 31 780 111; E: ski.rent@novinar-drustvo.si<\/p><p><strong>Ski service and rental office is open every day during the operation of the ski resort.<\/strong><br \/>Ski service booking and rental<\/p><p>Smu\u010darsko dru\u0161tvo Novinar <br \/>Stani\u010deva 41, 1000 Ljubljana; <br \/>PE CERKNO<br \/>ID za DDV: SI34260820<\/p><\/div>\n\t\t\t\t<\/div>\n\t\t\t\t<\/div>\n\t\t\t\t\t\t<\/div>\n\t\t\t\t\t<\/div>\n\t\t<\/div>\n\t\t\t\t\t\t\t\t<\/div>\n\t\t\t\t\t<\/div>\n\t\t<\/section>\n\t\t\t\t\t\t<\/div>\n\t\t\t\t\t<\/div>\n\t\t<\/div>\n\t\t\t\t\t\t\t\t<\/div>\n\t\t\t\t\t<\/div>\n\t\t<\/section>\n\t\t\t\t\t\t<\/div>\n\t\t\t\t\t\t<\/div>\n\t\t\t\t\t<\/div>","protected":false},"excerpt":{"rendered":"<p>Previous Next Pri nas dobite vse! V na\u0161i sodobno opremljeni izposojevalnici vam ponujamo izposojo smu\u010darske opreme za odrasle in otroke, za bolj\u0161e smu\u010darje imamo na voljo smu\u010di Volkl najvi\u0161jega kakovostnega razreda. Ponujamo \u0161e kakovostne smu\u010darske \u010devlje Dalbello in Alpina.\u00a0Ste pozabili namazati smu\u010di ali pa vas je presenetil malo \u201ctr\u0161i\u201d sneg od na\u010drtovanega? V na\u0161em servisu [&hellip;]<\/p>","protected":false},"author":1,"featured_media":0,"parent":0,"menu_order":0,"comment_status":"closed","ping_status":"closed","template":"template\/full-width-template.php","meta":{"om_disable_all_campaigns":false,"_mi_skip_tracking":false},"aioseo_notices":[],"_links":{"self":[{"href":"https:\/\/www.dev.solasmucanjacerkno.si\/en\/wp-json\/wp\/v2\/pages\/6152"}],"collection":[{"href":"https:\/\/www.dev.solasmucanjacerkno.si\/en\/wp-json\/wp\/v2\/pages"}],"about":[{"href":"https:\/\/www.dev.solasmucanjacerkno.si\/en\/wp-json\/wp\/v2\/types\/page"}],"author":[{"embeddable":true,"href":"https:\/\/www.dev.solasmucanjacerkno.si\/en\/wp-json\/wp\/v2\/users\/1"}],"replies":[{"embeddable":true,"href":"https:\/\/www.dev.solasmucanjacerkno.si\/en\/wp-json\/wp\/v2\/comments?post=6152"}],"version-history":[{"count":88,"href":"https:\/\/www.dev.solasmucanjacerkno.si\/en\/wp-json\/wp\/v2\/pages\/6152\/revisions"}],"predecessor-version":[{"id":6794,"href":"https:\/\/www.dev.solasmucanjacerkno.si\/en\/wp-json\/wp\/v2\/pages\/6152\/revisions\/6794"}],"wp:attachment":[{"href":"https:\/\/www.dev.solasmucanjacerkno.si\/en\/wp-json\/wp\/v2\/media?parent=6152"}],"curies":[{"name":"wp","href":"https:\/\/api.w.org\/{rel}","templated":true}]}}