{"id":6190,"date":"2020-11-10T10:37:31","date_gmt":"2020-11-10T10:37:31","guid":{"rendered":"https:\/\/www.solasmucanjacerkno.si\/?page_id=6190"},"modified":"2020-11-10T11:00:12","modified_gmt":"2020-11-10T11:00:12","slug":"sportni-dnevi-za-podjetja","status":"publish","type":"page","link":"https:\/\/www.dev.solasmucanjacerkno.si\/en\/sportni-dnevi-za-podjetja\/","title":{"rendered":"Team building"},"content":{"rendered":"<div data-elementor-type=\"wp-post\" data-elementor-id=\"6190\" class=\"elementor elementor-6190\" data-elementor-settings=\"[]\">\n\t\t\t\t\t\t<div class=\"elementor-inner\">\n\t\t\t\t\t\t\t<div class=\"elementor-section-wrap\">\n\t\t\t\t\t\t\t<section class=\"elementor-section elementor-top-section elementor-element elementor-element-3337 elementor-section-boxed elementor-section-height-default elementor-section-height-default\" data-id=\"3337\" data-element_type=\"section\" data-settings=\"{&quot;ekit_has_onepagescroll_dot&quot;:&quot;yes&quot;}\">\n\t\t\t\t\t\t<div class=\"elementor-container elementor-column-gap-default\">\n\t\t\t\t\t\t\t<div class=\"elementor-row\">\n\t\t\t\t\t<div class=\"elementor-column elementor-col-100 elementor-top-column elementor-element elementor-element-5836\" data-id=\"5836\" data-element_type=\"column\">\n\t\t\t<div class=\"elementor-column-wrap elementor-element-populated\">\n\t\t\t\t\t\t\t<div class=\"elementor-widget-wrap\">\n\t\t\t\t\t\t<section class=\"elementor-section elementor-inner-section elementor-element elementor-element-54d1c03 elementor-section-boxed elementor-section-height-default elementor-section-height-default\" data-id=\"54d1c03\" data-element_type=\"section\" data-settings=\"{&quot;ekit_has_onepagescroll_dot&quot;:&quot;yes&quot;}\">\n\t\t\t\t\t\t<div class=\"elementor-container elementor-column-gap-default\">\n\t\t\t\t\t\t\t<div class=\"elementor-row\">\n\t\t\t\t\t<div class=\"elementor-column elementor-col-100 elementor-inner-column elementor-element elementor-element-32b7435\" data-id=\"32b7435\" data-element_type=\"column\">\n\t\t\t<div class=\"elementor-column-wrap elementor-element-populated\">\n\t\t\t\t\t\t\t<div class=\"elementor-widget-wrap\">\n\t\t\t\t\t\t<div class=\"elementor-element elementor-element-5c7aca7 elementor-widget elementor-widget-text-editor\" data-id=\"5c7aca7\" data-element_type=\"widget\" data-widget_type=\"text-editor.default\">\n\t\t\t\t<div class=\"elementor-widget-container\">\n\t\t\t\t\t<div class=\"elementor-text-editor elementor-clearfix\"><p>Odli\u010dno urejene proge, najsodobnej\u0161e in najvarnej\u0161e naprave, kakovostna ponudba ostalih storitev, na \u010delu z Alpsko perlo na vrhu Smu\u010darskega centra Cerkno, so glavni razlogi, da je\u00a0<a href=\"https:\/\/www.ski-cerkno.com\/sl\/index.html\">SC Cerkno<\/a>\u00a0prejel laskavo priznanje Naj slovensko smu\u010di\u0161\u010de, ki ga v vseslovenski radijski akciji podelijo obiskovalci in poslu\u0161alci iz vse Slovenije.<\/p><p>Povabite svoje zaposlene ali poslovne partnerje na zimsko dru\u017eenje v neokrnjeno naravo, kjer se bo na\u0161lo nekaj za vsakogar.\u00a0Za vse ostalo poskrbimo mi, dan bo potekal v organizaciji animatorjev in u\u010diteljev smu\u010danja Smu\u010darskega dru\u0161tva Novinar, poskrbeli pa bomo tudi za smu\u010darske vozovnice, opremo in organizacijo zabavnega tekmovanja, kjer lahko vsak, ne glede na smu\u010darsko znanje postane zmagovalec.<\/p><\/div>\n\t\t\t\t<\/div>\n\t\t\t\t<\/div>\n\t\t\t\t\t\t<\/div>\n\t\t\t\t\t<\/div>\n\t\t<\/div>\n\t\t\t\t\t\t\t\t<\/div>\n\t\t\t\t\t<\/div>\n\t\t<\/section>\n\t\t\t\t<section class=\"elementor-section elementor-inner-section elementor-element elementor-element-903f4d2 elementor-section-boxed elementor-section-height-default elementor-section-height-default\" data-id=\"903f4d2\" data-element_type=\"section\" data-settings=\"{&quot;ekit_has_onepagescroll_dot&quot;:&quot;yes&quot;}\">\n\t\t\t\t\t\t<div class=\"elementor-container elementor-column-gap-default\">\n\t\t\t\t\t\t\t<div class=\"elementor-row\">\n\t\t\t\t\t<div class=\"elementor-column elementor-col-50 elementor-inner-column elementor-element elementor-element-8d91d5c\" data-id=\"8d91d5c\" data-element_type=\"column\">\n\t\t\t<div class=\"elementor-column-wrap elementor-element-populated\">\n\t\t\t\t\t\t\t<div class=\"elementor-widget-wrap\">\n\t\t\t\t\t\t<div class=\"elementor-element elementor-element-682514e elementor-widget elementor-widget-text-editor\" data-id=\"682514e\" data-element_type=\"widget\" data-widget_type=\"text-editor.default\">\n\t\t\t\t<div class=\"elementor-widget-container\">\n\t\t\t\t\t<div class=\"elementor-text-editor elementor-clearfix\"><h3>Ponudba vsebuje<\/h3><ul><li>smu\u010darske vozovnice<\/li><li>u\u010ditelje smu\u010danja<\/li><li>izvedba tekmovanja VSL<\/li><li>test smu\u010di<\/li><li>dnevni meni v restavraciji Alpska Perla<\/li><li>\u0161portna oprema za poslovne partnerje<\/li><\/ul><\/div>\n\t\t\t\t<\/div>\n\t\t\t\t<\/div>\n\t\t\t\t\t\t<\/div>\n\t\t\t\t\t<\/div>\n\t\t<\/div>\n\t\t\t\t<div class=\"elementor-column elementor-col-50 elementor-inner-column elementor-element elementor-element-fe9d083\" data-id=\"fe9d083\" data-element_type=\"column\">\n\t\t\t<div class=\"elementor-column-wrap elementor-element-populated\">\n\t\t\t\t\t\t\t<div class=\"elementor-widget-wrap\">\n\t\t\t\t\t\t<div class=\"elementor-element elementor-element-843f602 elementor-widget elementor-widget-text-editor\" data-id=\"843f602\" data-element_type=\"widget\" data-widget_type=\"text-editor.default\">\n\t\t\t\t<div class=\"elementor-widget-container\">\n\t\t\t\t\t<div class=\"elementor-text-editor elementor-clearfix\"><h3>Ostale mo\u017enosti<\/h3><ul><li>za vse tiste, ki ne smu\u010dajo organiziramo izlet na bli\u017enje vrhove z vodnikom, sankanje ali spro\u0161\u010danje v termah v Hotelu Cerkno<\/li><li>za skupine lahko organiziramo zabavne igre na snegu, ki \u0161e popestrijo zabaven dan<\/li><\/ul><\/div>\n\t\t\t\t<\/div>\n\t\t\t\t<\/div>\n\t\t\t\t\t\t<\/div>\n\t\t\t\t\t<\/div>\n\t\t<\/div>\n\t\t\t\t\t\t\t\t<\/div>\n\t\t\t\t\t<\/div>\n\t\t<\/section>\n\t\t\t\t<section class=\"elementor-section elementor-inner-section elementor-element elementor-element-1e871b2 elementor-section-boxed elementor-section-height-default elementor-section-height-default\" data-id=\"1e871b2\" data-element_type=\"section\" data-settings=\"{&quot;ekit_has_onepagescroll_dot&quot;:&quot;yes&quot;}\">\n\t\t\t\t\t\t<div class=\"elementor-container elementor-column-gap-default\">\n\t\t\t\t\t\t\t<div class=\"elementor-row\">\n\t\t\t\t\t<div class=\"elementor-column elementor-col-25 elementor-inner-column elementor-element elementor-element-2d6caf5\" data-id=\"2d6caf5\" data-element_type=\"column\">\n\t\t\t<div class=\"elementor-column-wrap elementor-element-populated\">\n\t\t\t\t\t\t\t<div class=\"elementor-widget-wrap\">\n\t\t\t\t\t\t<div class=\"elementor-element elementor-element-c15fdfe ekit-equal-height-disable elementor-widget elementor-widget-elementskit-icon-box\" data-id=\"c15fdfe\" data-element_type=\"widget\" data-widget_type=\"elementskit-icon-box.default\">\n\t\t\t\t<div class=\"elementor-widget-container\">\n\t\t\t<div class=\"ekit-wid-con\" >        <!-- link opening -->\n                <a href=\"https:\/\/your-link.com\" target=\"_self\" rel=\"\" class=\"ekit_global_links\">\n                <!-- end link opening -->\n\n        <div class=\"elementskit-infobox text-center text- icon-top-align elementor-animation-  gradient-active  hover_from_right\">\n                    <div class=\"elementskit-box-header elementor-animation-\">\n                <div class=\"elementskit-info-box-icon\">\n                    <i aria-hidden=\"true\" class=\"elementkit-infobox-icon icon icon-checkmark-circle\"><\/i>\n                <\/div>\n          <\/div>\n                        <div class=\"box-body\">\n                            <h3 class=\"elementskit-info-box-title\">\n                    U\u010ditelji smu\u010danja                <\/h3>\n                                    <p>Glede na \u0161tevilo udele\u017eencev bodo na razpolago u\u010ditelji smu\u010danja, ki bodo spremljali udele\u017eence in jim svetovali izbiri opreme, obnovitvi in nadgradnji smu\u010darskega znanja ali pa vas samo popeljali po smu\u010di\u0161\u010du. <\/p>\n                                <\/div>\n        \n        \n                <\/div>\n                <\/a>\n        <\/div>\t\t<\/div>\n\t\t\t\t<\/div>\n\t\t\t\t\t\t<\/div>\n\t\t\t\t\t<\/div>\n\t\t<\/div>\n\t\t\t\t<div class=\"elementor-column elementor-col-25 elementor-inner-column elementor-element elementor-element-5be81d6\" data-id=\"5be81d6\" data-element_type=\"column\">\n\t\t\t<div class=\"elementor-column-wrap elementor-element-populated\">\n\t\t\t\t\t\t\t<div class=\"elementor-widget-wrap\">\n\t\t\t\t\t\t<div class=\"elementor-element elementor-element-95be01d ekit-equal-height-disable elementor-widget elementor-widget-elementskit-icon-box\" data-id=\"95be01d\" data-element_type=\"widget\" data-widget_type=\"elementskit-icon-box.default\">\n\t\t\t\t<div class=\"elementor-widget-container\">\n\t\t\t<div class=\"ekit-wid-con\" >        <!-- link opening -->\n                <a href=\"https:\/\/your-link.com\" target=\"_self\" rel=\"\" class=\"ekit_global_links\">\n                <!-- end link opening -->\n\n        <div class=\"elementskit-infobox text-center text- icon-top-align elementor-animation-  gradient-active  hover_from_right\">\n                    <div class=\"elementskit-box-header elementor-animation-\">\n                <div class=\"elementskit-info-box-icon\">\n                    <i aria-hidden=\"true\" class=\"elementkit-infobox-icon icon icon-checkmark-circle\"><\/i>\n                <\/div>\n          <\/div>\n                        <div class=\"box-body\">\n                            <h3 class=\"elementskit-info-box-title\">\n                    VSL tekmovanje                <\/h3>\n                                    <p>Ker velja na\u010delo, da je lahko zmagovalec vsak, ne glede na smu\u010darsko znanje, tekmovanje poteka nekoliko druga\u010de kot smo ga vajeni. Vsi tekmovalci imajo na voljo dve vo\u017enji na postavljeni progi, ki je primerna za vse ravni smu\u010danja, zmagovalec pa postne tisti, ki ima najmanj\u0161o \u010dasovno razliko med obema \u010dasoma vo\u017eenj. <\/p>\n                                <\/div>\n        \n        \n                <\/div>\n                <\/a>\n        <\/div>\t\t<\/div>\n\t\t\t\t<\/div>\n\t\t\t\t\t\t<\/div>\n\t\t\t\t\t<\/div>\n\t\t<\/div>\n\t\t\t\t<div class=\"elementor-column elementor-col-25 elementor-inner-column elementor-element elementor-element-2025ebc\" data-id=\"2025ebc\" data-element_type=\"column\">\n\t\t\t<div class=\"elementor-column-wrap elementor-element-populated\">\n\t\t\t\t\t\t\t<div class=\"elementor-widget-wrap\">\n\t\t\t\t\t\t<div class=\"elementor-element elementor-element-1296a2d ekit-equal-height-disable elementor-widget elementor-widget-elementskit-icon-box\" data-id=\"1296a2d\" data-element_type=\"widget\" data-widget_type=\"elementskit-icon-box.default\">\n\t\t\t\t<div class=\"elementor-widget-container\">\n\t\t\t<div class=\"ekit-wid-con\" >        <!-- link opening -->\n                <a href=\"https:\/\/your-link.com\" target=\"_self\" rel=\"\" class=\"ekit_global_links\">\n                <!-- end link opening -->\n\n        <div class=\"elementskit-infobox text-center text- icon-top-align elementor-animation-  gradient-active  hover_from_right\">\n                    <div class=\"elementskit-box-header elementor-animation-\">\n                <div class=\"elementskit-info-box-icon\">\n                    <i aria-hidden=\"true\" class=\"elementkit-infobox-icon icon icon-checkmark-circle\"><\/i>\n                <\/div>\n          <\/div>\n                        <div class=\"box-body\">\n                            <h3 class=\"elementskit-info-box-title\">\n                    Test smu\u010di                <\/h3>\n                                    <p>Preko celotnega dneva so v na\u0161ih prostorih na voljo najnovej\u0161e testne smu\u010di proizvajalca Volkl, na\u0161i u\u010ditelji in svetovalci pa bodo poskrbeli, da boste s primernimi smu\u010dmi u\u017eivali cel dan! <\/p>\n                                <\/div>\n        \n        \n                <\/div>\n                <\/a>\n        <\/div>\t\t<\/div>\n\t\t\t\t<\/div>\n\t\t\t\t\t\t<\/div>\n\t\t\t\t\t<\/div>\n\t\t<\/div>\n\t\t\t\t<div class=\"elementor-column elementor-col-25 elementor-inner-column elementor-element elementor-element-059152e\" data-id=\"059152e\" data-element_type=\"column\">\n\t\t\t<div class=\"elementor-column-wrap elementor-element-populated\">\n\t\t\t\t\t\t\t<div class=\"elementor-widget-wrap\">\n\t\t\t\t\t\t<div class=\"elementor-element elementor-element-6a67234 ekit-equal-height-disable elementor-widget elementor-widget-elementskit-icon-box\" data-id=\"6a67234\" data-element_type=\"widget\" data-widget_type=\"elementskit-icon-box.default\">\n\t\t\t\t<div class=\"elementor-widget-container\">\n\t\t\t<div class=\"ekit-wid-con\" >        <!-- link opening -->\n                <a href=\"https:\/\/your-link.com\" target=\"_self\" rel=\"\" class=\"ekit_global_links\">\n                <!-- end link opening -->\n\n        <div class=\"elementskit-infobox text-center text- icon-top-align elementor-animation-  gradient-active  hover_from_right\">\n                    <div class=\"elementskit-box-header elementor-animation-\">\n                <div class=\"elementskit-info-box-icon\">\n                    <i aria-hidden=\"true\" class=\"elementkit-infobox-icon icon icon-checkmark-circle\"><\/i>\n                <\/div>\n          <\/div>\n                        <div class=\"box-body\">\n                            <h3 class=\"elementskit-info-box-title\">\n                    Kosilo                <\/h3>\n                                    <p>Po dru\u017eabnem dopoldnevu vas \u010daka kosilo in razglasitev rezultatov v lepem ambientu Alpske Perle. <\/p>\n                                <\/div>\n        \n        \n                <\/div>\n                <\/a>\n        <\/div>\t\t<\/div>\n\t\t\t\t<\/div>\n\t\t\t\t\t\t<\/div>\n\t\t\t\t\t<\/div>\n\t\t<\/div>\n\t\t\t\t\t\t\t\t<\/div>\n\t\t\t\t\t<\/div>\n\t\t<\/section>\n\t\t\t\t<section class=\"elementor-section elementor-inner-section elementor-element elementor-element-6503333 elementor-section-boxed elementor-section-height-default elementor-section-height-default\" data-id=\"6503333\" data-element_type=\"section\" data-settings=\"{&quot;ekit_has_onepagescroll_dot&quot;:&quot;yes&quot;}\">\n\t\t\t\t\t\t<div class=\"elementor-container elementor-column-gap-default\">\n\t\t\t\t\t\t\t<div class=\"elementor-row\">\n\t\t\t\t\t<div class=\"elementor-column elementor-col-100 elementor-inner-column elementor-element elementor-element-bacb6dd\" data-id=\"bacb6dd\" data-element_type=\"column\">\n\t\t\t<div class=\"elementor-column-wrap elementor-element-populated\">\n\t\t\t\t\t\t\t<div class=\"elementor-widget-wrap\">\n\t\t\t\t\t\t<div class=\"elementor-element elementor-element-daa16a2 elementor-widget elementor-widget-text-editor\" data-id=\"daa16a2\" data-element_type=\"widget\" data-widget_type=\"text-editor.default\">\n\t\t\t\t<div class=\"elementor-widget-container\">\n\t\t\t\t\t<div class=\"elementor-text-editor elementor-clearfix\"><p>Za vse informacije smo dosegljivi na spodnjih kontaktih, veselimo se dru\u017eenja na snegu!<\/p><h3>Dodatne informacije in rezervacije:<\/h3><p>SD Novinar,<br \/>Luka Sekula, m:\u00a0<a href=\"mailto:luka.sekula@novinar-drustvo.si\">luka.sekula@novinar-drustvo.si<\/a><\/p><\/div>\n\t\t\t\t<\/div>\n\t\t\t\t<\/div>\n\t\t\t\t\t\t<\/div>\n\t\t\t\t\t<\/div>\n\t\t<\/div>\n\t\t\t\t\t\t\t\t<\/div>\n\t\t\t\t\t<\/div>\n\t\t<\/section>\n\t\t\t\t\t\t<\/div>\n\t\t\t\t\t<\/div>\n\t\t<\/div>\n\t\t\t\t\t\t\t\t<\/div>\n\t\t\t\t\t<\/div>\n\t\t<\/section>\n\t\t\t\t\t\t<\/div>\n\t\t\t\t\t\t<\/div>\n\t\t\t\t\t<\/div>","protected":false},"excerpt":{"rendered":"<p>Odli\u010dno urejene proge, najsodobnej\u0161e in najvarnej\u0161e naprave, kakovostna ponudba ostalih storitev, na \u010delu z Alpsko perlo na vrhu Smu\u010darskega centra Cerkno, so glavni razlogi, da je\u00a0SC Cerkno\u00a0prejel laskavo priznanje Naj slovensko smu\u010di\u0161\u010de, ki ga v vseslovenski radijski akciji podelijo obiskovalci in poslu\u0161alci iz vse Slovenije. Povabite svoje zaposlene ali poslovne partnerje na zimsko dru\u017eenje v [&hellip;]<\/p>","protected":false},"author":1,"featured_media":0,"parent":0,"menu_order":0,"comment_status":"closed","ping_status":"closed","template":"template\/full-width-template.php","meta":{"om_disable_all_campaigns":false,"_mi_skip_tracking":false},"aioseo_notices":[],"_links":{"self":[{"href":"https:\/\/www.dev.solasmucanjacerkno.si\/en\/wp-json\/wp\/v2\/pages\/6190"}],"collection":[{"href":"https:\/\/www.dev.solasmucanjacerkno.si\/en\/wp-json\/wp\/v2\/pages"}],"about":[{"href":"https:\/\/www.dev.solasmucanjacerkno.si\/en\/wp-json\/wp\/v2\/types\/page"}],"author":[{"embeddable":true,"href":"https:\/\/www.dev.solasmucanjacerkno.si\/en\/wp-json\/wp\/v2\/users\/1"}],"replies":[{"embeddable":true,"href":"https:\/\/www.dev.solasmucanjacerkno.si\/en\/wp-json\/wp\/v2\/comments?post=6190"}],"version-history":[{"count":8,"href":"https:\/\/www.dev.solasmucanjacerkno.si\/en\/wp-json\/wp\/v2\/pages\/6190\/revisions"}],"predecessor-version":[{"id":6204,"href":"https:\/\/www.dev.solasmucanjacerkno.si\/en\/wp-json\/wp\/v2\/pages\/6190\/revisions\/6204"}],"wp:attachment":[{"href":"https:\/\/www.dev.solasmucanjacerkno.si\/en\/wp-json\/wp\/v2\/media?parent=6190"}],"curies":[{"name":"wp","href":"https:\/\/api.w.org\/{rel}","templated":true}]}}