{"id":6205,"date":"2020-11-10T11:18:59","date_gmt":"2020-11-10T11:18:59","guid":{"rendered":"https:\/\/www.solasmucanjacerkno.si\/?page_id=6205"},"modified":"2020-11-10T11:21:41","modified_gmt":"2020-11-10T11:21:41","slug":"o-drustvu","status":"publish","type":"page","link":"https:\/\/www.dev.solasmucanjacerkno.si\/en\/o-drustvu\/","title":{"rendered":"About us"},"content":{"rendered":"<div data-elementor-type=\"wp-post\" data-elementor-id=\"6205\" class=\"elementor elementor-6205\" data-elementor-settings=\"[]\">\n\t\t\t\t\t\t<div class=\"elementor-inner\">\n\t\t\t\t\t\t\t<div class=\"elementor-section-wrap\">\n\t\t\t\t\t\t\t<section class=\"elementor-section elementor-top-section elementor-element elementor-element-3337 elementor-section-boxed elementor-section-height-default elementor-section-height-default\" data-id=\"3337\" data-element_type=\"section\" data-settings=\"{&quot;ekit_has_onepagescroll_dot&quot;:&quot;yes&quot;}\">\n\t\t\t\t\t\t<div class=\"elementor-container elementor-column-gap-default\">\n\t\t\t\t\t\t\t<div class=\"elementor-row\">\n\t\t\t\t\t<div class=\"elementor-column elementor-col-33 elementor-top-column elementor-element elementor-element-5836\" data-id=\"5836\" data-element_type=\"column\">\n\t\t\t<div class=\"elementor-column-wrap elementor-element-populated\">\n\t\t\t\t\t\t\t<div class=\"elementor-widget-wrap\">\n\t\t\t\t\t\t<div class=\"elementor-element elementor-element-64ac05d elementor-widget elementor-widget-heading\" data-id=\"64ac05d\" data-element_type=\"widget\" data-widget_type=\"heading.default\">\n\t\t\t\t<div class=\"elementor-widget-container\">\n\t\t\t<h3 class=\"elementor-heading-title elementor-size-default\">Vision and mission\n<\/h3>\t\t<\/div>\n\t\t\t\t<\/div>\n\t\t\t\t<div class=\"elementor-element elementor-element-85502d6 elementor-widget elementor-widget-text-editor\" data-id=\"85502d6\" data-element_type=\"widget\" data-widget_type=\"text-editor.default\">\n\t\t\t\t<div class=\"elementor-widget-container\">\n\t\t\t\t\t<div class=\"elementor-text-editor elementor-clearfix\"><div class=\"wpb_column vc_column_container vc_col-sm-6\"><div class=\"vc_column-inner\"><div class=\"wpb_wrapper\"><div class=\"wpb_text_column wpb_content_element\"><div class=\"wpb_wrapper\"><p>The Ski club Novinar has grown to this day into an exceptional organization that, based on decades of experience and with a still youthful zest, reminds us of the role of alpine skiing as a popular winter leisure activity, successfully increases the popularity of this sport, educates alpine skiing teachers and raises successful competitors.<\/p><\/div><\/div><\/div><\/div><\/div><div class=\"wpb_column vc_column_container vc_col-sm-6\"><div class=\"vc_column-inner\"><div class=\"wpb_wrapper\"><div class=\"wpb_text_column wpb_content_element\"><div class=\"wpb_wrapper\"><p><strong>The management and members of the Novinar Ski Association will therefore continue to advocate for:<\/strong><\/p><ul><li>the popularization of skiing among citizens, especially among young people;<\/li><li>progress in the development of skiing disciplines;<\/li><li>fruitful cooperation with professional organizations in the field of sports;<\/li><li>maximum degree of professionalism in their work;<\/li><li>respect for ethical and moral principles in the field of sports activity;<\/li><li>professional development of association members and exchange of domestic and international experts.<\/li><\/ul><\/div><\/div><\/div><\/div><\/div><\/div>\n\t\t\t\t<\/div>\n\t\t\t\t<\/div>\n\t\t\t\t\t\t<\/div>\n\t\t\t\t\t<\/div>\n\t\t<\/div>\n\t\t\t\t<div class=\"elementor-column elementor-col-33 elementor-top-column elementor-element elementor-element-2ff4f9e\" data-id=\"2ff4f9e\" data-element_type=\"column\">\n\t\t\t<div class=\"elementor-column-wrap elementor-element-populated\">\n\t\t\t\t\t\t\t<div class=\"elementor-widget-wrap\">\n\t\t\t\t\t\t<div class=\"elementor-element elementor-element-e2c34e9 elementor-widget elementor-widget-heading\" data-id=\"e2c34e9\" data-element_type=\"widget\" data-widget_type=\"heading.default\">\n\t\t\t\t<div class=\"elementor-widget-container\">\n\t\t\t<h3 class=\"elementor-heading-title elementor-size-default\">Our Mascot \"Ra\u010dka\"<\/h3>\t\t<\/div>\n\t\t\t\t<\/div>\n\t\t\t\t<div class=\"elementor-element elementor-element-b06420f elementor-widget elementor-widget-text-editor\" data-id=\"b06420f\" data-element_type=\"widget\" data-widget_type=\"text-editor.default\">\n\t\t\t\t<div class=\"elementor-widget-container\">\n\t\t\t\t\t<div class=\"elementor-text-editor elementor-clearfix\"><div class=\"wpb_column vc_column_container vc_col-sm-6\"><div class=\"vc_column-inner\"><div class=\"wpb_wrapper\"><div class=\"wpb_text_column wpb_content_element\"><div class=\"wpb_wrapper\"><p>Ski club Novinar was founded in 1957 by Pavliha journalists. As befits true humorists, they even thought of a duck skiing as a joke for the logo of the association. The association is supposed to be just another journalistic duck, but it has been working very successfully in the field of skiing and sports in general for over 60 years.<\/p><p>\"Ra\u010dka\" has been with us all the time in our logo, and recently a cute one has joined us\u00a0<strong>mascot \"Ra\u010dka\"<\/strong>, who loves children very much. She likes to exercise, ski, rollerblade, dance or just have a little fun with them. Ra\u010dka is fascinated by sports and wants to become a real role model for everyone and encourage them to become athletes themselves. Wherever you meet our Ra\u010dka, she will gladly give you a high five, you can hug her and, of course, take a picture with her. Ra\u010dka is also happy to visit kindergarten, school or anywhere where there are playful children and have fun with them.<\/p><\/div><\/div><\/div><\/div><\/div><\/div>\n\t\t\t\t<\/div>\n\t\t\t\t<\/div>\n\t\t\t\t<div class=\"elementor-element elementor-element-0ad7a9d elementor-widget elementor-widget-image\" data-id=\"0ad7a9d\" data-element_type=\"widget\" data-widget_type=\"image.default\">\n\t\t\t\t<div class=\"elementor-widget-container\">\n\t\t\t\t\t<div class=\"elementor-image\">\n\t\t\t\t\t\t\t\t\t\t<img width=\"200\" height=\"283\" src=\"https:\/\/www.dev.solasmucanjacerkno.si\/wp-content\/uploads\/2020\/11\/sd-racka.png\" class=\"attachment-large size-large\" alt=\"\" loading=\"lazy\" \/>\t\t\t\t\t\t\t\t\t\t\t<\/div>\n\t\t\t\t<\/div>\n\t\t\t\t<\/div>\n\t\t\t\t\t\t<\/div>\n\t\t\t\t\t<\/div>\n\t\t<\/div>\n\t\t\t\t<div class=\"elementor-column elementor-col-33 elementor-top-column elementor-element elementor-element-1560721\" data-id=\"1560721\" data-element_type=\"column\">\n\t\t\t<div class=\"elementor-column-wrap elementor-element-populated\">\n\t\t\t\t\t\t\t<div class=\"elementor-widget-wrap\">\n\t\t\t\t\t\t<div class=\"elementor-element elementor-element-f333829 elementor-widget elementor-widget-heading\" data-id=\"f333829\" data-element_type=\"widget\" data-widget_type=\"heading.default\">\n\t\t\t\t<div class=\"elementor-widget-container\">\n\t\t\t<h3 class=\"elementor-heading-title elementor-size-default\">History of the club<\/h3>\t\t<\/div>\n\t\t\t\t<\/div>\n\t\t\t\t<div class=\"elementor-element elementor-element-15baa7e elementor-widget elementor-widget-text-editor\" data-id=\"15baa7e\" data-element_type=\"widget\" data-widget_type=\"text-editor.default\">\n\t\t\t\t<div class=\"elementor-widget-container\">\n\t\t\t\t\t<div class=\"elementor-text-editor elementor-clearfix\"><p>In 1957, the editorial office of Pavliha came up with the idea of \u200b\u200bfounding a journalist's ski club. The initiators were journalist - cartoonist Milan Maver and commercialist Jo\u017ee Ur\u0161i\u010d. The original purpose of the association was to inspire as many journalists as possible to ski and thus take care of their recreation in winter. And it was established\u00a0<strong>Ski club Novinar<\/strong>.<\/p><p>In the winter of the same year, a ski course was organized on Komna, led by Milan Maver. Courses in Kranjska Gora followed, but the most important were the ski trips, which were always massively attended. The number of members gradually increased not only from the ranks of journalists. Soon there was a need to establish a youth and pioneer selection, where already in the first years of the existence of the Novinar club, several hundred participated in the courses. Many of them became so enthusiastic about skiing that they started training regularly and became competitors. What was once just a ski club of journalist enthusiasts has developed into a successful competitive club of rising ski stars.<\/p><p>The Novinar ski club expanded its ranks irresistibly and achieved almost incredible successes both in the mass recreational and competitive fields. During the years of its existence, it became one of the most prominent clubs in our country.<\/p><p>Written by Jule Vrbi\u010d on the 20th anniversary of the club<\/p><\/div>\n\t\t\t\t<\/div>\n\t\t\t\t<\/div>\n\t\t\t\t\t\t<\/div>\n\t\t\t\t\t<\/div>\n\t\t<\/div>\n\t\t\t\t\t\t\t\t<\/div>\n\t\t\t\t\t<\/div>\n\t\t<\/section>\n\t\t\t\t\t\t<\/div>\n\t\t\t\t\t\t<\/div>\n\t\t\t\t\t<\/div>","protected":false},"excerpt":{"rendered":"<p>Vizija in poslanstvo \u0160portno dru\u0161tvo Novinar je do danes zraslo v izjemno organizacijo, ki na podlagi desetletij izku\u0161enj in s \u0161e vedno mladostnim zaletom opominja na vlogo alpskega smu\u010danja kot popularne zimske prosto\u010dasne dejavnosti, uspe\u0161no dviguje mno\u017ei\u010dnost te \u0161portne panoge, izobra\u017euje u\u010ditelje alpskega smu\u010danja ter vzgaja uspe\u0161ne tekmovalce. Vodstvo in \u010dlani Smu\u010darskega dru\u0161tva Novinar se [&hellip;]<\/p>","protected":false},"author":1,"featured_media":0,"parent":0,"menu_order":0,"comment_status":"closed","ping_status":"closed","template":"template\/full-width-template.php","meta":{"om_disable_all_campaigns":false,"_mi_skip_tracking":false},"aioseo_notices":[],"_links":{"self":[{"href":"https:\/\/www.dev.solasmucanjacerkno.si\/en\/wp-json\/wp\/v2\/pages\/6205"}],"collection":[{"href":"https:\/\/www.dev.solasmucanjacerkno.si\/en\/wp-json\/wp\/v2\/pages"}],"about":[{"href":"https:\/\/www.dev.solasmucanjacerkno.si\/en\/wp-json\/wp\/v2\/types\/page"}],"author":[{"embeddable":true,"href":"https:\/\/www.dev.solasmucanjacerkno.si\/en\/wp-json\/wp\/v2\/users\/1"}],"replies":[{"embeddable":true,"href":"https:\/\/www.dev.solasmucanjacerkno.si\/en\/wp-json\/wp\/v2\/comments?post=6205"}],"version-history":[{"count":4,"href":"https:\/\/www.dev.solasmucanjacerkno.si\/en\/wp-json\/wp\/v2\/pages\/6205\/revisions"}],"predecessor-version":[{"id":6210,"href":"https:\/\/www.dev.solasmucanjacerkno.si\/en\/wp-json\/wp\/v2\/pages\/6205\/revisions\/6210"}],"wp:attachment":[{"href":"https:\/\/www.dev.solasmucanjacerkno.si\/en\/wp-json\/wp\/v2\/media?parent=6205"}],"curies":[{"name":"wp","href":"https:\/\/api.w.org\/{rel}","templated":true}]}}